{"id":13152,"date":"2020-07-21T08:09:02","date_gmt":"2020-07-21T08:09:02","guid":{"rendered":"https:\/\/aonehelicopters.com\/india\/buy-helicopter-varanasi-uttar-pradesh\/"},"modified":"2020-07-23T20:19:26","modified_gmt":"2020-07-23T20:19:26","slug":"buy-helicopter-varanasi-uttar-pradesh","status":"publish","type":"page","link":"https:\/\/aonehelicopters.com\/india\/buy-helicopter-varanasi-uttar-pradesh\/","title":{"rendered":"Buy Helicopter in Varanasi, Uttar Pradesh, India"},"content":{"rendered":"<p>&nbsp;<\/p>\n<p><img loading=\"lazy\" decoding=\"async\" class=\"alignnone size-medium wp-image-398\" src=\"https:\/\/aonehelicopters.com\/india\/wp-content\/uploads\/2020\/07\/AoneIcon512_3-300x300.png\" alt=\"Aone Helicopters Logo\" width=\"300\" height=\"300\" srcset=\"https:\/\/aonehelicopters.com\/india\/wp-content\/uploads\/2020\/07\/AoneIcon512_3-300x300.png 300w, https:\/\/aonehelicopters.com\/india\/wp-content\/uploads\/2020\/07\/AoneIcon512_3-150x150.png 150w, https:\/\/aonehelicopters.com\/india\/wp-content\/uploads\/2020\/07\/AoneIcon512_3.png 512w\" sizes=\"auto, (max-width: 300px) 100vw, 300px\" \/><\/p>\n<p>Aone helicopter is the  top   place  for who are  thinking of   amenity  like Buy Helicopter in Varanasi, Uttar Pradesh, chartering private jets, \u00a0Buy Helicopter in Varanasi, Uttar Pradesh\u00a0for  line  and leisure  occassion  is the fastest, most  at ease , safe and secure way of  in the air .<\/p>\n<p>We  offering  air rental services to  profession  professionals to maximize their time efficiency.<\/p>\n<p>We  offering  best choppers to individuals, their family and friends to  tour  in luxury,  relaxed  and privacy.<\/p>\n<h2>How to <strong>Buy Helicopter in Varanasi, Uttar Pradesh, India<\/strong><\/h2>\n<p>Buy Helicopter in Varanasi, Uttar Pradesh is  surely  one of the most intoxicating  and novel  roadway  of exploring a new destination.<\/p>\n<p>The  rouse  of  in the air  and the  marvelous  views from the top is an  affair  that will remain with you for years to come.<\/p>\n<p>What could be a  finer  way of exploring the city than doing a \u00a0Buy Helicopter in Varanasi, Uttar Pradesh? This new  pathway  of discovering a new destination has to  attain  popularity day by day as it  assists  you to cover a  bigger  area over a  Smaller  period of time.<\/p>\n<p>Helicopters have this  individual   power  to  land  from almost any location, which  makes \u00a0 then one of the most  sought  after flying machine.<\/p>\n<p>By making a  commitment  to services like \u00a0Buy Helicopter in Varanasi, Uttar Pradesh, of our state of the art helicopters for your  work ,  occurrence , pilgrimage,  advertising  or simply for  happiness , you are  opting  the services like \u00a0Buy Helicopter in Varanasi, Uttar Pradesh, most  easy  and  enjoyable  way to travel.<\/p>\n<p>Because of the versatility of helicopters, you will be able to  fly  and land at almost any location.<\/p>\n<h3>Where and when you can use service?<\/h3>\n<p>The list of  motive  why  customers   takes  to \u00a0Buy Helicopter in Varanasi, Uttar Pradesh, an Aone Helicopters goes on and on.<\/p>\n<p>Helicopter travel is  flexible  and fast. Traveling by helicopter can  mostly  provide  the  capability  to  operation  and land right at the location where you need to be; if not, very close by.<\/p>\n<p>For  Personal   happening<br \/>\n clients  who travel with Aone Helicopters engage our \u00a0Buy Helicopter in Varanasi, Uttar Pradesh service for a wide variety of personal  event s.<\/p>\n<p>We  present  chopper service for  marriages , anniversary celebrations, joyrides,  advertising  in the sky, even family adventures.<\/p>\n<p>The possibilities are  limitless  with \u00a0Buy Helicopter, A bride can enter her  weddings  venue by helicopter. Flowers can be dropped by helicopter in a shower of color onto any locale for a  marriages , a special anniversary, bridal shower, baby shower, birthday party, or any number of other special occasions.<\/p>\n<p>For  career<br \/>\nIf it is a  profession  meeting or appointment you need to attend  choose  \u00a0Buy Helicopter, an Aone&#8217;s Private helicopter, you will be able to easily eliminate the necessity of an expensive overnight stay.<\/p>\n<p>We can  transport  you to and from multiple destinations in the course of one day by  select ing \u00a0Buy Helicopter.<\/p>\n<p>You can spend your time in the air concentrating on what\u2019s important, not worrying about whether or not you\u2019ll be able to arrive at your destination on time.<\/p>\n<h4> select  helicopter\u00a0for  adjustable  point-to-point travel<\/h4>\n<p>We deliver a level of flexibility that can\u2019t be matched by almost any other. The advantages of Buy Helicopter point-to-point are invaluable \u2013 and you can fly in style with exceptionally comfortable club seating on certain types of helicopter.<\/p>\n<p>The capacity  of helicopters means they can be used for  business  purposes or for transfers from airports to ski resorts,  affair s, or sports stadiums.<\/p>\n<p>These small, rotary-wing powerhouses are intelligently designed to be highly adaptable to a range of requirements. The benefits of Buy Helicopter include their  ability  to gain access to remote areas and city centers, landing at helipads, hotels, and on private property where space allows.<\/p>\n<p>This makes them one of the most  adaptable  and suitable aircraft types for travel to remote, crowded, or otherwise hard-to-reach destinations.<\/p>\n<p>Flying saves both time and money that would otherwise be spent on multiple forms of transport to reach a single remote or crowded destination. The use of air ambulance is also invaluable to other market segments \u2013 from medical evacuations and delivery of humanitarian aid to aerial photography operations and news reporting.<\/p>\n<h5>Must Read for<\/h5>\n<p>Aone Helicopters are often asked about flying with good rates. Many hotels and  marriages  venues have helipads available or open space nearby, and Aone Helicopters can always recommend Buy Helicopter\u00a0 and landing location for your requirements.<\/p>\n<p>Prices depend on the location of your landing and departure points, landing costs, flight duration, size of the helicopter, and the time of the flight. For rent prices, landing site advice, and real-time availability contact us.<\/p>\n<p>People dream of having Buy Helicopter\u00a0 that is unique and memorable at the same time. They plan for years and  select  everything after carefully researching the market, but more often than not, they fail in etching that day in the minds of the guests.<\/p>\n<p>Come to us and let us take care of your requirements while flying over the picturesque city of your  marriages .<\/p>\n<h5>Wikipedia of Varanasi, Uttar Pradesh<\/h5>\n<div class=\"page-generator-pro-wikipedia\">\n<p><b>Varanasi<\/b> (<small>Hindustani pronunciation:\u00a0<\/small><span title=\"Representation in the International Phonetic Alphabet (IPA)\" class=\"IPA\">[\u028ba\u02d0\u02c8ra\u02d0\u0273\u0259si]<\/span> <span class=\"nowrap\" style=\"font-size:85%\">(<span class=\"unicode haudio\"><span class=\"fn\"><span style=\"white-space:nowrap;margin-right:.25em;\"><img loading=\"lazy\" alt=\"About this sound\" src=\"\/\/upload.wikimedia.org\/wikipedia\/commons\/thumb\/8\/8a\/Loudspeaker.svg\/11px-Loudspeaker.svg.png\" decoding=\"async\" width=\"11\" height=\"11\" srcset=\"\/\/upload.wikimedia.org\/wikipedia\/commons\/thumb\/8\/8a\/Loudspeaker.svg\/17px-Loudspeaker.svg.png 1.5x, \/\/upload.wikimedia.org\/wikipedia\/commons\/thumb\/8\/8a\/Loudspeaker.svg\/22px-Loudspeaker.svg.png 2x\" data-file-width=\"20\" data-file-height=\"20\"><\/span>listen<\/span><\/span>)<\/span>), also known as <b>Benares<\/b>, <b>Banaras<\/b> (<i>Ban\u0101ras<\/i> <small><\/small><span title=\"Representation in the International Phonetic Alphabet (IPA)\" class=\"IPA\">[b\u0259\u02c8na\u02d0r\u0259s]<\/span> <span class=\"nowrap\" style=\"font-size:85%\">(<span class=\"unicode haudio\"><span class=\"fn\"><span style=\"white-space:nowrap;margin-right:.25em;\"><img loading=\"lazy\" alt=\"About this sound\" src=\"\/\/upload.wikimedia.org\/wikipedia\/commons\/thumb\/8\/8a\/Loudspeaker.svg\/11px-Loudspeaker.svg.png\" decoding=\"async\" width=\"11\" height=\"11\" srcset=\"\/\/upload.wikimedia.org\/wikipedia\/commons\/thumb\/8\/8a\/Loudspeaker.svg\/17px-Loudspeaker.svg.png 1.5x, \/\/upload.wikimedia.org\/wikipedia\/commons\/thumb\/8\/8a\/Loudspeaker.svg\/22px-Loudspeaker.svg.png 2x\" data-file-width=\"20\" data-file-height=\"20\"><\/span>listen<\/span><\/span>)<\/span>), or <b>Kashi<\/b> (<i>K\u0101\u015b\u012b<\/i> <small><\/small><span title=\"Representation in the International Phonetic Alphabet (IPA)\" class=\"IPA\">[\u02c8ka\u02d0\u0283i]<\/span> <span class=\"nowrap\" style=\"font-size:85%\">(<span class=\"unicode haudio\"><span class=\"fn\"><span style=\"white-space:nowrap;margin-right:.25em;\"><img loading=\"lazy\" alt=\"About this sound\" src=\"\/\/upload.wikimedia.org\/wikipedia\/commons\/thumb\/8\/8a\/Loudspeaker.svg\/11px-Loudspeaker.svg.png\" decoding=\"async\" width=\"11\" height=\"11\" srcset=\"\/\/upload.wikimedia.org\/wikipedia\/commons\/thumb\/8\/8a\/Loudspeaker.svg\/17px-Loudspeaker.svg.png 1.5x, \/\/upload.wikimedia.org\/wikipedia\/commons\/thumb\/8\/8a\/Loudspeaker.svg\/22px-Loudspeaker.svg.png 2x\" data-file-width=\"20\" data-file-height=\"20\"><\/span>listen<\/span><\/span>)<\/span>), is a city on the banks of the river Ganges in Uttar Pradesh, India, 320 kilometres (200\u00a0mi) south-east of the state capital, Lucknow, and 121 kilometres (75\u00a0mi) east of Allahabad. A major religious hub in India, it is the holiest of the seven sacred cities (<i>Sapta Puri<\/i>) in Hinduism and Jainism, and played an important role in the development of Buddhism and Ravidassia. Varanasi lies along National Highway 2, and is served by Varanasi Junction railway station and Lal Bahadur Shastri International Airport.\n<\/p>\n<p>Varanasi grew as an important industrial centre famous for its muslin and silk fabrics, perfumes, ivory works, and sculpture. Buddha is believed to have founded Buddhism here around 528 BCE when he gave his first sermon, &#8220;The Setting in Motion of the Wheel of Dharma&#8221;, at nearby Sarnath. The city&#8217;s religious importance continued to grow in the 8th century, when Adi Shankara established the worship of Shiva as an official sect of Varanasi. During the Muslim rule through the Middle Ages, the city continued as an important centre of Hindu devotion, pilgrimage, mysticism and poetry which further contributed to its reputation as a centre of cultural importance and religious education. Tulsidas wrote his epic poem on Rama&#8217;s life called <i>Ram Charit Manas<\/i> in Varanasi. Several other major figures of the Bhakti movement were born in Varanasi, including Kabir and Ravidas. Guru Nanak visited Varanasi for Maha Shivaratri in 1507, a trip that played a large role in the founding of Sikhism.\n<\/p>\n<p>In the 16th century, Varanasi had a cultural revival under the Mughal emperor Akbar who patronised the city, and built two large temples dedicated to Shiva and Vishnu. Much of what is considered modern Varanasi was built during the 18th century, by the Maratha and Bhumihar Brahmin kings. The Kingdom of Benares was given official status by the Mughals in 1737, and continued as a dynasty-governed area until Indian independence in 1947. The city is governed by the Varanasi Nagar Nigam (Municipal Corporation) and is represented in the Parliament of India by the current Prime Minister of India Narendra Modi, who won the Lok Sabha elections in 2014 by a huge margin. Silk weaving, carpets and crafts and tourism employ a significant number of the local population, as do the Diesel Locomotive Works and Bharat Heavy Electricals. Varanasi Hospital&#8217;s foundation stone was laid by governor Kanaiyalal Maneklal Munshi in 1954 and it was inaugurated by president S. Radhakrishnan in 1964.\n<\/p>\n<p>Varanasi has been a cultural centre of northern India for several thousand years, and is closely associated with the Ganges. Hindus believe that dying here and getting cremated along the banks of the &#8220;holy&#8221; Ganges river allows one to break the cycle of rebirth and attain salvation, making it a major center for pilgrimage. The city is known worldwide for its many ghats, embankments made in steps of stone slabs along the river bank where pilgrims perform ritual ablutions. Of particular note are the Dashashwamedh Ghat, the Panchganga Ghat, the Manikarnika Ghat, and the Harishchandra Ghat, the last two being where Hindus cremate their dead. The Hindu genealogy registers at Varanasi are kept here.\n<\/p>\n<p>The Ramnagar Fort, near the eastern bank of the Ganges, was built in the 18th century in the Mughal style of architecture, featuring carved balconies, open courtyards, and scenic pavilions. Among the estimated 23,000 temples in Varanasi are Kashi Vishwanath Temple of Shiva, the Sankat Mochan Hanuman Temple, and the Durga Temple. The Kashi Naresh (Maharaja of Kashi) is the chief cultural patron of Varanasi, and an essential part of all religious celebrations. The city has long been an educational and musical centre: many prominent Indian philosophers, poets, writers, and musicians live or have lived in the city, and it was the place where the Benares gharana form of Hindustani classical music was developed. One of Asia&#8217;s largest residential universities is Banaras Hindu University (BHU).\n<\/p>\n<\/div>\n<ul class=\"nav navbar-nav navbar-right\">\n<li class=\" \"><a href=\"https:\/\/aonehelicopters.com\/about-us.html\" target=\"\" rel=\"noopener noreferrer\"> About <\/a><\/li>\n<li class=\" \"><a href=\"https:\/\/aonehelicopters.com\/services\" target=\"\" rel=\"noopener noreferrer\"> Services<\/a><\/li>\n<li class=\" \"><a href=\"https:\/\/www.facebook.com\/aonehelicopters\" target=\"\" rel=\"noopener noreferrer\"> Facebook Page<\/a><\/li>\n<li class=\" \"><a href=\"https:\/\/www.instagram.com\/aone_helicopters\" target=\"\" rel=\"noopener noreferrer\"> Instagram<\/a><\/li>\n<\/ul>\n","protected":false},"excerpt":{"rendered":"<p>Buy Helicopter in Varanasi, Uttar Pradesh<\/p>\n","protected":false},"author":2,"featured_media":0,"parent":0,"menu_order":0,"comment_status":"closed","ping_status":"closed","template":"templates\/page-full-width.php","meta":{"footnotes":""},"categories":[6],"tags":[],"yst_prominent_words":[],"class_list":["post-13152","page","type-page","status-publish","hentry","category-products"],"_links":{"self":[{"href":"https:\/\/aonehelicopters.com\/india\/wp-json\/wp\/v2\/pages\/13152","targetHints":{"allow":["GET"]}}],"collection":[{"href":"https:\/\/aonehelicopters.com\/india\/wp-json\/wp\/v2\/pages"}],"about":[{"href":"https:\/\/aonehelicopters.com\/india\/wp-json\/wp\/v2\/types\/page"}],"author":[{"embeddable":true,"href":"https:\/\/aonehelicopters.com\/india\/wp-json\/wp\/v2\/users\/2"}],"replies":[{"embeddable":true,"href":"https:\/\/aonehelicopters.com\/india\/wp-json\/wp\/v2\/comments?post=13152"}],"version-history":[{"count":1,"href":"https:\/\/aonehelicopters.com\/india\/wp-json\/wp\/v2\/pages\/13152\/revisions"}],"predecessor-version":[{"id":19561,"href":"https:\/\/aonehelicopters.com\/india\/wp-json\/wp\/v2\/pages\/13152\/revisions\/19561"}],"wp:attachment":[{"href":"https:\/\/aonehelicopters.com\/india\/wp-json\/wp\/v2\/media?parent=13152"}],"wp:term":[{"taxonomy":"category","embeddable":true,"href":"https:\/\/aonehelicopters.com\/india\/wp-json\/wp\/v2\/categories?post=13152"},{"taxonomy":"post_tag","embeddable":true,"href":"https:\/\/aonehelicopters.com\/india\/wp-json\/wp\/v2\/tags?post=13152"},{"taxonomy":"yst_prominent_words","embeddable":true,"href":"https:\/\/aonehelicopters.com\/india\/wp-json\/wp\/v2\/yst_prominent_words?post=13152"}],"curies":[{"name":"wp","href":"https:\/\/api.w.org\/{rel}","templated":true}]}}