{"id":16599,"date":"2020-07-21T21:14:12","date_gmt":"2020-07-21T21:14:12","guid":{"rendered":"https:\/\/aonehelicopters.com\/india\/vaishno-devi-helicopter-booking-agra-uttar-pradesh\/"},"modified":"2020-07-23T19:31:07","modified_gmt":"2020-07-23T19:31:07","slug":"vaishno-devi-helicopter-booking-agra-uttar-pradesh","status":"publish","type":"page","link":"https:\/\/aonehelicopters.com\/india\/vaishno-devi-helicopter-booking-agra-uttar-pradesh\/","title":{"rendered":"Vaishno Devi Helicopter Booking from Agra, Uttar Pradesh"},"content":{"rendered":"<p>&nbsp;<\/p>\n<p><img loading=\"lazy\" decoding=\"async\" class=\"alignnone size-medium wp-image-398\" src=\"https:\/\/aonehelicopters.com\/india\/wp-content\/uploads\/2020\/07\/AoneIcon512_3-300x300.png\" alt=\"Aone Helicopters Logo\" width=\"300\" height=\"300\" srcset=\"https:\/\/aonehelicopters.com\/india\/wp-content\/uploads\/2020\/07\/AoneIcon512_3-300x300.png 300w, https:\/\/aonehelicopters.com\/india\/wp-content\/uploads\/2020\/07\/AoneIcon512_3-150x150.png 150w, https:\/\/aonehelicopters.com\/india\/wp-content\/uploads\/2020\/07\/AoneIcon512_3.png 512w\" sizes=\"auto, (max-width: 300px) 100vw, 300px\" \/><\/p>\n<p>Aone helicopter is the  top   setting  for who are  looking   amenity  like Vaishno Devi Helicopter Booking from Agra, Uttar Pradesh, chartering private jets, \u00a0Vaishno Devi Helicopter Booking from Agra, Uttar Pradesh for  line of work  and leisure  plan  is the fastest, most  at ease , safe and secure way of  airborne .<\/p>\n<p>We  present  air rental services to  occupation  professionals to maximize their time efficiency.<\/p>\n<p>We  present  best choppers to individuals, their family and friends to  tour  in luxury,  at one&#8217;s ease  and privacy.<\/p>\n<h2>How to <strong>Vaishno Devi Helicopter Booking from Agra, Uttar Pradesh, India<\/strong><\/h2>\n<p>Vaishno Devi Helicopter Booking from Agra, Uttar Pradesh is  definitely  one of the most  stirring  and novel  route  of exploring a new destination.<\/p>\n<p>The  stimulate  of  airborne  and the  glorious  views from the top is an  event  that will remain with you for years to come.<\/p>\n<p>What could be a  finer  way of exploring the city than doing a \u00a0Vaishno Devi Helicopter Booking from Agra, Uttar Pradesh? This new  road  of discovering a new destination has to  come by  popularity day by day as it  supports  you to cover a  wider  area over a  shorter  period of time.<\/p>\n<p>Helicopters have this  individual   capability  to  take-off  from almost any location, which  creates \u00a0 then one of the most  purse  after flying machine.<\/p>\n<p>By making a  commitment  to services like \u00a0Vaishno Devi Helicopter Booking from Agra, Uttar Pradesh, of our state of the art helicopters for your  career ,  happening , pilgrimage,  advertising  or simply for  happiness , you are  selecting  the services like \u00a0Vaishno Devi Helicopter Booking from Agra, Uttar Pradesh, most  fastest  and  entertaing  way to travel.<\/p>\n<p>Because of the versatility of helicopters, you will be able to  take-off  and land at almost any location.<\/p>\n<h3>Where and when you can use service?<\/h3>\n<p>The list of  reasons  why  consumers   select  to \u00a0Vaishno Devi Helicopter Booking from Agra, Uttar Pradesh, an Aone Helicopters goes on and on.<\/p>\n<p>Helicopter travel is  flexible  and fast. Traveling by helicopter can  often   give  the  power  to  operation  and land right at the location where you need to be; if not, very close by.<\/p>\n<p>For  Private   experience<br \/>\n clients  who travel with Aone Helicopters engage our \u00a0Vaishno Devi Helicopter Booking from Agra, Uttar Pradesh service for a wide variety of personal  happening s.<\/p>\n<p>We  give  chopper service for  marriages , anniversary celebrations, joyrides,  advertising  in the sky, even family adventures.<\/p>\n<p>The possibilities are  endless  with \u00a0Vaishno Devi Helicopter Booking, A bride can enter her  marriages  venue by helicopter. Flowers can be dropped by helicopter in a shower of color onto any locale for a  weddings , a special anniversary, bridal shower, baby shower, birthday party, or any number of other special occasions.<\/p>\n<p>For  profession<br \/>\nIf it is a  career  meeting or appointment you need to attend  select  \u00a0Vaishno Devi Helicopter Booking, an Aone&#8217;s Private helicopter, you will be able to easily eliminate the necessity of an expensive overnight stay.<\/p>\n<p>We can  fly  you to and from multiple destinations in the course of one day by  choose ing \u00a0Vaishno Devi Helicopter Booking.<\/p>\n<p>You can spend your time in the air concentrating on what\u2019s important, not worrying about whether or not you\u2019ll be able to arrive at your destination on time.<\/p>\n<h4> choose  helicopter\u00a0for  adaptable  point-to-point travel<\/h4>\n<p>We deliver a level of flexibility that can\u2019t be matched by almost any other. The advantages of Vaishno Devi Helicopter Booking point-to-point are invaluable \u2013 and you can fly in style with exceptionally comfortable club seating on certain types of helicopter.<\/p>\n<p>The ability  of helicopters means they can be used for  line  purposes or for transfers from airports to ski resorts,  happening s, or sports stadiums.<\/p>\n<p>These small, rotary-wing powerhouses are intelligently designed to be highly adaptable to a range of requirements. The benefits of Vaishno Devi Helicopter Booking include their  capability  to gain access to remote areas and city centers, landing at helipads, hotels, and on private property where space allows.<\/p>\n<p>This makes them one of the most  flexible  and suitable aircraft types for travel to remote, crowded, or otherwise hard-to-reach destinations.<\/p>\n<p>Flying saves both time and money that would otherwise be spent on multiple forms of transport to reach a single remote or crowded destination. The use of air ambulance is also invaluable to other market segments \u2013 from medical evacuations and delivery of humanitarian aid to aerial photography operations and news reporting.<\/p>\n<h5>Must Read for<\/h5>\n<p>Aone Helicopters are often asked about flying with good rates. Many hotels and  weddings  venues have helipads available or open space nearby, and Aone Helicopters can always recommend Vaishno Devi Helicopter Booking\u00a0 and landing location for your requirements.<\/p>\n<p>Prices depend on the location of your landing and departure points, landing costs, flight duration, size of the helicopter, and the time of the flight. For rent prices, landing site advice, and real-time availability contact us.<\/p>\n<p>People dream of having Vaishno Devi Helicopter Booking\u00a0 that is unique and memorable at the same time. They plan for years and  takes  everything after carefully researching the market, but more often than not, they fail in etching that day in the minds of the guests.<\/p>\n<p>Come to us and let us take care of your requirements while flying over the picturesque city of your  weddings .<\/p>\n<h5>Wikipedia of Agra, Uttar Pradesh<\/h5>\n<div class=\"page-generator-pro-wikipedia\">\n<p><b>Agra<\/b> () is a city on the banks of the Yamuna river in the Indian state of Uttar Pradesh. It is 206 kilometres (128\u00a0mi) south of the national capital New Delhi. Agra is the fourth-most populous city in Uttar Pradesh and 24th in India.\n<\/p>\n<p>It has been speculated that the city mentioned in Mahabharata as   <b>Agravana<\/b> which translates as \u201cfront of the forest\u201d is the present day Agra. The Shurasena dynasty of Lord Krishna maintained an outpost at Agravana. Greek geographer Ptolemy referred to Agra by its modern name in his Geographia and placed it in his world map in the 2nd century AD. The 11th-century Persian poet Mas&#8217;\u016bd Sa&#8217;d Salm\u0101n writes of an assault on the fortress of Agra, then held by King Jaypal, by Mahmud of Ghazni. Despite his surrender, Mahmud sacked the place in 1080 AD.  A 17th century chronicle called  Agra before Sikandar Lod\u012b&#8217;s time (1488\u20131517) as an old settlement which was merely a village, owing to its destruction by Mahmud of Ghazni. Sikandar was the first sultan to move his capital from Delhi to Agra in 1504, its administration having previously been under Bayana. He governed the country from here and Agra assumed the importance of the second capital. He died in 1517 and his son, Ibr\u0101h\u012bm Lod\u012b, remained in power there for nine more years. Several palaces, wells, and a mosque were built by him in the fort during his period. He was  defeated at the Battle of Panipat in 1526. Between 1540 and 1556, Afghans, beginning with Sher Shah Suri, ruled the area. It was the capital of the Mughal Empire from 1556 to 1648. The city was later taken by the Marathas and later still fell to the British Raj.\n<\/p>\n<p>Agra is a major tourist destination because of its many Mughal-era buildings, most notably the Taj Mahal, Agra Fort and Fatehpur Sikri, all of which are UNESCO World Heritage Sites. Agra is included on the Golden Triangle tourist circuit, along with Delhi and Jaipur; and the Uttar Pradesh Heritage Arc, a tourist circuit of Uttar Pradesh, along with Lucknow and Varanasi. Agra is in the Braj cultural region.\n<\/p>\n<\/div>\n<ul class=\"nav navbar-nav navbar-right\">\n<li class=\" \"><a href=\"https:\/\/aonehelicopters.com\/about-us.html\" target=\"\" rel=\"noopener noreferrer\"> About <\/a><\/li>\n<li class=\" \"><a href=\"https:\/\/aonehelicopters.com\/services\" target=\"\" rel=\"noopener noreferrer\"> Services<\/a><\/li>\n<li class=\" \"><a href=\"https:\/\/www.facebook.com\/aonehelicopters\" target=\"\" rel=\"noopener noreferrer\"> Facebook Page<\/a><\/li>\n<li class=\" \"><a href=\"https:\/\/www.instagram.com\/aone_helicopters\" target=\"\" rel=\"noopener noreferrer\"> Instagram<\/a><\/li>\n<\/ul>\n","protected":false},"excerpt":{"rendered":"<p>Vaishno Devi Helicopter Booking in Agra, Uttar Pradesh<\/p>\n","protected":false},"author":2,"featured_media":16600,"parent":0,"menu_order":0,"comment_status":"closed","ping_status":"closed","template":"templates\/page-full-width.php","meta":{"footnotes":""},"categories":[6],"tags":[],"yst_prominent_words":[],"class_list":["post-16599","page","type-page","status-publish","has-post-thumbnail","hentry","category-products"],"_links":{"self":[{"href":"https:\/\/aonehelicopters.com\/india\/wp-json\/wp\/v2\/pages\/16599","targetHints":{"allow":["GET"]}}],"collection":[{"href":"https:\/\/aonehelicopters.com\/india\/wp-json\/wp\/v2\/pages"}],"about":[{"href":"https:\/\/aonehelicopters.com\/india\/wp-json\/wp\/v2\/types\/page"}],"author":[{"embeddable":true,"href":"https:\/\/aonehelicopters.com\/india\/wp-json\/wp\/v2\/users\/2"}],"replies":[{"embeddable":true,"href":"https:\/\/aonehelicopters.com\/india\/wp-json\/wp\/v2\/comments?post=16599"}],"version-history":[{"count":1,"href":"https:\/\/aonehelicopters.com\/india\/wp-json\/wp\/v2\/pages\/16599\/revisions"}],"predecessor-version":[{"id":18087,"href":"https:\/\/aonehelicopters.com\/india\/wp-json\/wp\/v2\/pages\/16599\/revisions\/18087"}],"wp:featuredmedia":[{"embeddable":true,"href":"https:\/\/aonehelicopters.com\/india\/wp-json\/wp\/v2\/media\/16600"}],"wp:attachment":[{"href":"https:\/\/aonehelicopters.com\/india\/wp-json\/wp\/v2\/media?parent=16599"}],"wp:term":[{"taxonomy":"category","embeddable":true,"href":"https:\/\/aonehelicopters.com\/india\/wp-json\/wp\/v2\/categories?post=16599"},{"taxonomy":"post_tag","embeddable":true,"href":"https:\/\/aonehelicopters.com\/india\/wp-json\/wp\/v2\/tags?post=16599"},{"taxonomy":"yst_prominent_words","embeddable":true,"href":"https:\/\/aonehelicopters.com\/india\/wp-json\/wp\/v2\/yst_prominent_words?post=16599"}],"curies":[{"name":"wp","href":"https:\/\/api.w.org\/{rel}","templated":true}]}}